{"id":15,"date":"2021-05-12T12:20:44","date_gmt":"2021-05-12T11:20:44","guid":{"rendered":"http:\/\/marcotelfser.com\/?page_id=15"},"modified":"2022-01-30T20:27:23","modified_gmt":"2022-01-30T19:27:23","slug":"home","status":"publish","type":"page","link":"https:\/\/marcotelfser.com\/en\/home\/","title":{"rendered":"Home"},"content":{"rendered":"<div style=\"width: 640px;\" class=\"wp-video\"><video class=\"wp-video-shortcode\" id=\"video-15-1\" width=\"640\" height=\"360\" preload=\"metadata\" controls=\"controls\"><source type=\"video\/mp4\" src=\"https:\/\/marcotelfser.com\/wp-content\/uploads\/2022\/01\/Klein-und-SQ.mp4?_=1\" \/><a href=\"https:\/\/marcotelfser.com\/wp-content\/uploads\/2022\/01\/Klein-und-SQ.mp4\">https:\/\/marcotelfser.com\/wp-content\/uploads\/2022\/01\/Klein-und-SQ.mp4<\/a><\/video><\/div>\n<h2>Hoi, Sch\u00f6n dich zu sehen!<\/h2>\n<h2>Video Produzent &#8211; Drohnen Pilot &#8211; Fotograf<\/h2>\n<p>Zusammen kreieren wir Emotionen und bringen Geschichten zum Leben, von der Idee am Blatt Papier bis zum fertigen Film.<br \/>Dabei steht Qualit\u00e4t \u00fcber Quantit\u00e4t, jedes Projekt wird sorgf\u00e4ltig geplant und professionell umgesetzt.<br \/>Wenn dann noch die korrekte Marketingstrategie ausgearbeitet und angewandt wird; dann haben wir schon gewonnen!<\/p>\n<p>\t\t\t\t\t<a href=\"https:\/\/www.facebook.com\/marco.telfser\/\" target=\"_blank\" rel=\"noopener\"><br \/>\n\t\t\t\t\t\tFacebook<br \/>\n\t\t\t\t\t\t\t\t\t\t\t<\/a><br \/>\n\t\t\t\t\t<a href=\"https:\/\/www.linkedin.com\/in\/marco-telfser-801387160\/\" target=\"_blank\" rel=\"noopener\"><br \/>\n\t\t\t\t\t\tLinkedin<br \/>\n\t\t\t\t\t\t\t\t\t\t\t<\/a><br \/>\n\t\t\t\t\t<a href=\"https:\/\/www.instagram.com\/marcotelfser\/\" target=\"_blank\" rel=\"noopener\"><br \/>\n\t\t\t\t\t\tInstagram<br \/>\n\t\t\t\t\t\t\t\t\t\t\t<\/a><br \/>\n\t\t\t\t\t\t\t\t\t\t\t\t\t\t\t<img decoding=\"async\" width=\"300\" height=\"291\" src=\"https:\/\/marcotelfser.com\/wp-content\/uploads\/2022\/01\/Camboy_rund2-300x291.png\" alt=\"\" loading=\"lazy\" srcset=\"https:\/\/marcotelfser.com\/wp-content\/uploads\/2022\/01\/Camboy_rund2-300x291.png 300w, https:\/\/marcotelfser.com\/wp-content\/uploads\/2022\/01\/Camboy_rund2-768x744.png 768w, https:\/\/marcotelfser.com\/wp-content\/uploads\/2022\/01\/Camboy_rund2.png 800w\" sizes=\"auto, (max-width: 300px) 100vw, 300px\" \/>\t\t\t\t\t\t\t\t\t\t\t\t\t\t\t<\/p>\n<h2>Videoproduktion<\/h2>\n<p>\t\t\t<a href=\"https:\/\/marcotelfser.com\/category\/video-projekte\/\" role=\"button\"><br \/>\n\t\t\t\t\t\tZu den Projekten<br \/>\n\t\t\t\t\t<\/a><\/p>\n<p style=\"text-align: center;\">Wusstest du, dass kleinste Ver\u00e4nderungen in Bildausschnitt, Farbe, Kamerabewegung, Beleuchtungswinkel, etc. eine gro\u00dfe Ver\u00e4nderung in Emotionen und Aussagekraft eines Films bewirken?<\/p>\n<h2>Vorproduktion<\/h2>\n<div style=\"width: 640px;\" class=\"wp-video\"><video class=\"wp-video-shortcode\" id=\"video-15-2\" width=\"640\" height=\"360\" preload=\"metadata\" controls=\"controls\"><source type=\"video\/mp4\" src=\"https:\/\/marcotelfser.com\/wp-content\/uploads\/2022\/01\/Vorproduktion.mp4?_=2\" \/><a href=\"https:\/\/marcotelfser.com\/wp-content\/uploads\/2022\/01\/Vorproduktion.mp4\">https:\/\/marcotelfser.com\/wp-content\/uploads\/2022\/01\/Vorproduktion.mp4<\/a><\/video><\/div>\n<h2>Drohne<\/h2>\n<div style=\"width: 640px;\" class=\"wp-video\"><video class=\"wp-video-shortcode\" id=\"video-15-3\" width=\"640\" height=\"360\" preload=\"metadata\" controls=\"controls\"><source type=\"video\/mp4\" src=\"https:\/\/marcotelfser.com\/wp-content\/uploads\/2022\/01\/Drohne.mp4?_=3\" \/><a href=\"https:\/\/marcotelfser.com\/wp-content\/uploads\/2022\/01\/Drohne.mp4\">https:\/\/marcotelfser.com\/wp-content\/uploads\/2022\/01\/Drohne.mp4<\/a><\/video><\/div>\n<h2>Interviews<\/h2>\n<div style=\"width: 640px;\" class=\"wp-video\"><video class=\"wp-video-shortcode\" id=\"video-15-4\" width=\"640\" height=\"360\" preload=\"metadata\" controls=\"controls\"><source type=\"video\/mp4\" src=\"https:\/\/marcotelfser.com\/wp-content\/uploads\/2022\/01\/Interviews.mp4?_=4\" \/><a href=\"https:\/\/marcotelfser.com\/wp-content\/uploads\/2022\/01\/Interviews.mp4\">https:\/\/marcotelfser.com\/wp-content\/uploads\/2022\/01\/Interviews.mp4<\/a><\/video><\/div>\n<h2>Schnitt<\/h2>\n<div style=\"width: 640px;\" class=\"wp-video\"><video class=\"wp-video-shortcode\" id=\"video-15-5\" width=\"640\" height=\"360\" preload=\"metadata\" controls=\"controls\"><source type=\"video\/mp4\" src=\"https:\/\/marcotelfser.com\/wp-content\/uploads\/2022\/01\/Schnitt.mp4?_=5\" \/><a href=\"https:\/\/marcotelfser.com\/wp-content\/uploads\/2022\/01\/Schnitt.mp4\">https:\/\/marcotelfser.com\/wp-content\/uploads\/2022\/01\/Schnitt.mp4<\/a><\/video><\/div>\n<h2>Colorgrading<\/h2>\n<div style=\"width: 640px;\" class=\"wp-video\"><video class=\"wp-video-shortcode\" id=\"video-15-6\" width=\"640\" height=\"360\" preload=\"metadata\" controls=\"controls\"><source type=\"video\/mp4\" src=\"https:\/\/marcotelfser.com\/wp-content\/uploads\/2022\/01\/ColorGrading.mp4?_=6\" \/><a href=\"https:\/\/marcotelfser.com\/wp-content\/uploads\/2022\/01\/ColorGrading.mp4\">https:\/\/marcotelfser.com\/wp-content\/uploads\/2022\/01\/ColorGrading.mp4<\/a><\/video><\/div>\n<h2>Sound-Design<\/h2>\n<div style=\"width: 640px;\" class=\"wp-video\"><video class=\"wp-video-shortcode\" id=\"video-15-7\" width=\"640\" height=\"360\" preload=\"metadata\" controls=\"controls\"><source type=\"video\/mp4\" src=\"https:\/\/marcotelfser.com\/wp-content\/uploads\/2022\/01\/Sounddesign_Web.mp4?_=7\" \/><a href=\"https:\/\/marcotelfser.com\/wp-content\/uploads\/2022\/01\/Sounddesign_Web.mp4\">https:\/\/marcotelfser.com\/wp-content\/uploads\/2022\/01\/Sounddesign_Web.mp4<\/a><\/video><\/div>\n<p>Mein erster Leitsatz lautet: Qualit\u00e4t steht \u00fcber Quantit\u00e4t. Videoprojekte werden bis ins Detail genauestens geplant. Somit schaffen wir, die gew\u00fcnschten Emotionen und Kernaussagen an den Betrachter zu \u00fcbermitteln.<\/p>\n<p>Ein aussagekr\u00e4ftiges Video bedarf genauer Planung und Personen an den richtigen Stellen. Deshalb arbeite ich selten allein und stelle mir ein Team aus talentierten Personen zusammen.<\/p>\n<p>Unsere Projekte zeichnen sich durch kreative Konzepte, gr\u00fcndlich \u00fcberlegte Lichtsetzung und Bildkomposition aus.<\/p>\n<p>In der Nachbearbeitung flie\u00dfen ein gutes Gef\u00fchl f\u00fcr Rhythmus und Beat in meine filmischen Arbeiten ein.<\/p>\n<p>.<\/p>\n<h2>Imagevideos<br \/>\nBetriebsfilm<\/h2>\n<p style=\"text-align: left;\">Imagevideos sind das Aush\u00e4ngeschild eines Unternehmens und k\u00f6nnen wie eine Visitenkarte eingesetzt werden. Im Mittelpunkt steht das Image und die Philosophie des Unternehmens selbst.<\/p>\n<h2>Dokumentarfilm<\/h2>\n<p style=\"text-align: left;\">Dokumentarfilme sind neben Unterhaltung auch Bildung und Wissensweitergabe.<\/p>\n<p style=\"text-align: left;\">Sie erm\u00f6glichen einen weitl\u00e4ufigen Blick auf ein Thema und k\u00f6nnen auch von Unternehmen eingesetzt werden.<\/p>\n<h2>Werbung<\/h2>\n<p>\t\tEin Werbefilm dient dazu, eine Marke, ein Produkt, eine Dienstleistung oder ein Unternehmen bestm\u00f6glich zu pr\u00e4sentieren.<br \/>Er vermittelt eine klare Werbebotschaft an den Betrachter und kann den Umsatz oder auch die Bekanntheit steigern\t\t<\/p>\n<h2>Musikvideo<\/h2>\n<p>Von ausgefeilten Handlungen, \u00fcber Performance Aufnahmen und Live Sessions.<\/p>\n<p>Bei Musikvideos sind der Kreativit\u00e4t keine Grenzen gesetzt.<\/p>\n<h2>Social Media<br \/>Content<\/h2>\n<p>Social Media wird in der heutigen Zeit immer wichtiger.<\/p>\n<p>Umso fr\u00fcher man auf diesen Zug aufspringt, desto eher kann man die rie\u00dfigen M\u00f6glichkeiten dieser Vermarktung nutzen.<\/p>\n<p>Der Potenzielle Kunde ist nur einen klick von der n\u00e4chsten Bestellung entfernt.<\/p>\n<h2>Fotografie<\/h2>\n<p>\t\t\t<a href=\"https:\/\/marcotelfser.com\/fotografie\/\" role=\"button\"><br \/>\n\t\t\t\t\t\tZu den Projekten<br \/>\n\t\t\t\t\t<\/a><\/p>\n<h2>Mehr als nur den Ausl\u00f6ser dr\u00fccken<\/h2>\n<h4>Fotografieren ist einfach &#8211; au\u00dfer man macht es richtig<\/h4>\n<p>Neben einem visuellen Auge braucht es auch technisches Know-How und Erfahrung, um eindrucksvolle Bilder zu erzeugen, die den Betrachter polarisieren k\u00f6nnen.<\/p>\n<p>Ich fotografiere <strong>Landschaften<\/strong>, <strong>Produkte<\/strong>, <strong>Portraits f\u00fcr Unternehmer und Bewerbungen<\/strong>, <strong>Events<\/strong> und realisiere <strong>Drohnen-Aufnahmen.<\/strong><\/p>\n<p>\t\t\t\t\t\t\t\t\t\t\t\t\t\t\t<img decoding=\"async\" width=\"730\" height=\"485\" src=\"https:\/\/marcotelfser.com\/wp-content\/uploads\/2021\/05\/Web_weinberg-1024x680.jpg\" alt=\"\" loading=\"lazy\" srcset=\"https:\/\/marcotelfser.com\/wp-content\/uploads\/2021\/05\/Web_weinberg-1024x680.jpg 1024w, https:\/\/marcotelfser.com\/wp-content\/uploads\/2021\/05\/Web_weinberg-300x199.jpg 300w, https:\/\/marcotelfser.com\/wp-content\/uploads\/2021\/05\/Web_weinberg-768x510.jpg 768w, https:\/\/marcotelfser.com\/wp-content\/uploads\/2021\/05\/Web_weinberg-1536x1020.jpg 1536w, https:\/\/marcotelfser.com\/wp-content\/uploads\/2021\/05\/Web_weinberg.jpg 1920w\" sizes=\"auto, (max-width: 730px) 100vw, 730px\" \/><br \/>\n\t\t\t\t\t\t\t\t\t\t\t\t\t\t\t<img decoding=\"async\" width=\"730\" height=\"487\" src=\"https:\/\/marcotelfser.com\/wp-content\/uploads\/2021\/05\/DSCF0326_web-1024x683.jpg\" alt=\"\" loading=\"lazy\" srcset=\"https:\/\/marcotelfser.com\/wp-content\/uploads\/2021\/05\/DSCF0326_web-1024x683.jpg 1024w, https:\/\/marcotelfser.com\/wp-content\/uploads\/2021\/05\/DSCF0326_web-300x200.jpg 300w, https:\/\/marcotelfser.com\/wp-content\/uploads\/2021\/05\/DSCF0326_web-768x512.jpg 768w, https:\/\/marcotelfser.com\/wp-content\/uploads\/2021\/05\/DSCF0326_web-1536x1024.jpg 1536w, https:\/\/marcotelfser.com\/wp-content\/uploads\/2021\/05\/DSCF0326_web.jpg 2048w\" sizes=\"auto, (max-width: 730px) 100vw, 730px\" \/><br \/>\n\t\t\t\t\t\t\t\t\t\t\t\t\t\t\t<img decoding=\"async\" width=\"730\" height=\"487\" src=\"https:\/\/marcotelfser.com\/wp-content\/uploads\/2021\/05\/paekora_web.jpg\" alt=\"\" loading=\"lazy\" srcset=\"https:\/\/marcotelfser.com\/wp-content\/uploads\/2021\/05\/paekora_web.jpg 1934w, https:\/\/marcotelfser.com\/wp-content\/uploads\/2021\/05\/paekora_web-300x200.jpg 300w, https:\/\/marcotelfser.com\/wp-content\/uploads\/2021\/05\/paekora_web-1024x682.jpg 1024w, https:\/\/marcotelfser.com\/wp-content\/uploads\/2021\/05\/paekora_web-768x512.jpg 768w, https:\/\/marcotelfser.com\/wp-content\/uploads\/2021\/05\/paekora_web-1536x1024.jpg 1536w\" sizes=\"auto, (max-width: 730px) 100vw, 730px\" \/><br \/>\n\t\t\t\t\t\t\t\t\t\t\t\t\t\t\t<img decoding=\"async\" width=\"664\" height=\"449\" src=\"https:\/\/marcotelfser.com\/wp-content\/uploads\/2022\/01\/tajuwuu.jpg\" alt=\"\" loading=\"lazy\" srcset=\"https:\/\/marcotelfser.com\/wp-content\/uploads\/2022\/01\/tajuwuu.jpg 664w, https:\/\/marcotelfser.com\/wp-content\/uploads\/2022\/01\/tajuwuu-300x203.jpg 300w\" sizes=\"auto, (max-width: 664px) 100vw, 664px\" \/><br \/>\n\t\t\t\t\t\t\t\t\t\t\t\t\t\t\t<img decoding=\"async\" width=\"512\" height=\"512\" src=\"https:\/\/marcotelfser.com\/wp-content\/uploads\/2021\/05\/cropped-Filmmaker-scaled-1.jpg\" alt=\"\" loading=\"lazy\" srcset=\"https:\/\/marcotelfser.com\/wp-content\/uploads\/2021\/05\/cropped-Filmmaker-scaled-1.jpg 512w, https:\/\/marcotelfser.com\/wp-content\/uploads\/2021\/05\/cropped-Filmmaker-scaled-1-300x300.jpg 300w, https:\/\/marcotelfser.com\/wp-content\/uploads\/2021\/05\/cropped-Filmmaker-scaled-1-150x150.jpg 150w, https:\/\/marcotelfser.com\/wp-content\/uploads\/2021\/05\/cropped-Filmmaker-scaled-1-270x270.jpg 270w, https:\/\/marcotelfser.com\/wp-content\/uploads\/2021\/05\/cropped-Filmmaker-scaled-1-192x192.jpg 192w, https:\/\/marcotelfser.com\/wp-content\/uploads\/2021\/05\/cropped-Filmmaker-scaled-1-180x180.jpg 180w, https:\/\/marcotelfser.com\/wp-content\/uploads\/2021\/05\/cropped-Filmmaker-scaled-1-32x32.jpg 32w\" sizes=\"auto, (max-width: 512px) 100vw, 512px\" \/>\t\t\t\t\t\t\t\t\t\t\t\t\t\t\t<\/p>\n<h2>Kurse und Workshops<\/h2>\n<p>Ich biete Kurse und Workshops zum Thema Fotografie und Film an. Die Kurse sind f\u00fcr Anf\u00e4nger geeignet, welche entweder in die Branche einsteigen m\u00f6chten, oder einfach privat ihr Fotografie- und Filmskills aufwerten wollen.<\/p>\n<p>Dabei setze ich auf einen Mix aus Theorie und Praxis, um die Techniken greifbar und somit besser verst\u00e4ndlich zu machen.<\/p>\n<p>Jahrelang musste ich Lehrer und Kursleiter zu den Themen Fotografie und Film ertragen, welche zwar Profis waren, aber die Wissensweitergabe weniger gut beherrschten. Denn schon in der Schule konnten uns oft Klassenkameraden gewisse Themen besser erkl\u00e4ren als die &#8220;Profis&#8221;.&nbsp;<\/p>\n<p>Ich lernte aus ihren Fehlern und arbeite sie in den Kurs ein, somit entsteht ein einfach verst\u00e4ndlicher und dennoch lehrreicher Grundkurs.<\/p>\n<p>info@marcotelfser.com<\/p>\n<p>T: +39 345 8430811<\/p>\n<p>\u00a92022 Marco Telfser<\/p>\n<p>\t\t\t\t\t<a href=\"https:\/\/www.facebook.com\/marco.telfser\/\" target=\"_blank\" rel=\"noopener\"><br \/>\n\t\t\t\t\t\tFacebook<br \/>\n\t\t\t\t\t\t\t\t\t\t\t<\/a><br \/>\n\t\t\t\t\t<a href=\"https:\/\/www.instagram.com\/marcotelfser\/\" target=\"_blank\" rel=\"noopener\"><br \/>\n\t\t\t\t\t\tInstagram<br \/>\n\t\t\t\t\t\t\t\t\t\t\t<\/a><br \/>\n\t\t\t\t\t<a href=\"https:\/\/www.linkedin.com\/in\/marco-telfser-801387160\/\" target=\"_blank\" rel=\"noopener\"><br \/>\n\t\t\t\t\t\tLinkedin<br \/>\n\t\t\t\t\t\t\t\t\t\t\t<\/a><br \/>\n\t\t\t<a href=\"https:\/\/marcotelfser.com\/privacy-policy\/\">Impressum<\/a><\/p>\n","protected":false},"excerpt":{"rendered":"<p>https:\/\/marcotelfser.com\/wp-content\/uploads\/2022\/01\/Klein-und-SQ.mp4 Hoi, Sch\u00f6n dich zu sehen! Video Produzent &#8211; Drohnen Pilot &#8211; Fotograf Zusammen kreieren wir Emotionen und bringen Geschichten zum Leben, von der Idee am Blatt Papier bis zum fertigen Film.Dabei steht Qualit\u00e4t \u00fcber Quantit\u00e4t, jedes Projekt wird sorgf\u00e4ltig geplant und professionell umgesetzt.Wenn dann noch die korrekte Marketingstrategie ausgearbeitet und angewandt wird; dann haben&hellip; <\/p>\n","protected":false},"author":1,"featured_media":0,"parent":0,"menu_order":0,"comment_status":"closed","ping_status":"closed","template":"elementor_canvas","meta":{"ngg_post_thumbnail":0,"_vp_format_video_url":"","_vp_image_focal_point":[],"footnotes":""},"class_list":["post-15","page","type-page","status-publish","hentry"],"translation":{"provider":"WPGlobus","version":"3.0.2","language":"en","enabled_languages":["de","en"],"languages":{"de":{"title":true,"content":true,"excerpt":false},"en":{"title":false,"content":false,"excerpt":false}}},"_links":{"self":[{"href":"https:\/\/marcotelfser.com\/en\/wp-json\/wp\/v2\/pages\/15","targetHints":{"allow":["GET"]}}],"collection":[{"href":"https:\/\/marcotelfser.com\/en\/wp-json\/wp\/v2\/pages"}],"about":[{"href":"https:\/\/marcotelfser.com\/en\/wp-json\/wp\/v2\/types\/page"}],"author":[{"embeddable":true,"href":"https:\/\/marcotelfser.com\/en\/wp-json\/wp\/v2\/users\/1"}],"replies":[{"embeddable":true,"href":"https:\/\/marcotelfser.com\/en\/wp-json\/wp\/v2\/comments?post=15"}],"version-history":[{"count":669,"href":"https:\/\/marcotelfser.com\/en\/wp-json\/wp\/v2\/pages\/15\/revisions"}],"predecessor-version":[{"id":1705,"href":"https:\/\/marcotelfser.com\/en\/wp-json\/wp\/v2\/pages\/15\/revisions\/1705"}],"wp:attachment":[{"href":"https:\/\/marcotelfser.com\/en\/wp-json\/wp\/v2\/media?parent=15"}],"curies":[{"name":"wp","href":"https:\/\/api.w.org\/{rel}","templated":true}]}}