{"id":2062,"date":"2023-01-26T09:21:38","date_gmt":"2023-01-26T08:21:38","guid":{"rendered":"https:\/\/marcotelfser.com\/?page_id=2062"},"modified":"2023-01-26T09:23:51","modified_gmt":"2023-01-26T08:23:51","slug":"behind-the-scenes-2","status":"publish","type":"page","link":"https:\/\/marcotelfser.com\/en\/behind-the-scenes-2\/","title":{"rendered":"Behind the Scenes 2"},"content":{"rendered":"<h2>Die etwas andere Geschichte<\/h2>\n<p>Ein&nbsp; sonderbarer Werdegang brachte mich zur Video- und Fotoproduktion.&nbsp;<\/p>\n<p>Eigentlich bin ich ein Klein-Landwirt, welcher nebenbei in der Gastro arbeitet und seit kurzem den Schritt in die Selbst\u00e4ndigkeit als Videoproduzent und Fotograf gewagt hat.<\/p>\n<p>Der f\u00fcr diesen Beruf typischen Gro\u00dfstadt, ziehe ich mein kleines Heimatdorf im Vinschgau vor.&nbsp;<\/p>\n<p>Diese regionale Verbundenheit motiviert mich, ich versuche st\u00e4ndig Menschen aus der peripheren Umgebung in meine Projekte mit einzubeziehen. So arbeite ich mit Musikern, Tontechnikern und Crew-Mitarbeitern aus der unmittelbaren Umgebung zusammen.&nbsp;<\/p>\n<p>Damit m\u00f6chte ich talentierten jungen Menschen die M\u00f6glichkeit geben, auch in peripheren Gebieten einer kreativen Arbeit nachzugehen.<\/p>\n<p>Diese Vision brachte mich auch in die <a href=\"https:\/\/basis.space\/\" target=\"_blank\" rel=\"noopener\">BASIS Vinschgau\/Venosta<\/a>, in dessen Community ich mich integriert habe und gemeinsam helfe, das kreative und soziale Leben in der Peripherie zu st\u00e4rken.<\/p>\n<p>Nat\u00fcrlich kommt die Qualit\u00e4t meiner Videoprojekte nicht von irgendwo her. Das Medien-Studium in Innsbruck, sowie mehrere Praktika in namhaften Filmproduktionen (<a href=\"https:\/\/www.wildruf.com\/\" target=\"_blank\" rel=\"noopener\">Wildruf<\/a>) in Innsbruck und Wien haben mich eine professionelle Arbeitsweise gelehrt.<\/p>\n<p>Eigene Weiterbildung mit B\u00fcchern, Kursen und Video-Tutorials haben meinen Stil genauso gepr\u00e4gt. Seit 2022 biete ich ebenso selbst Kurse an, um mein Wissen an junge Generationen weiterzugeben. Als eingetragener ESF Dozent bin ich aber auch f\u00fcr Unternehmen und Privatpersonen mit Kursen und Workshops zust\u00e4ndig.<\/p>\n<p>\t\t\t\t\t\t\t\t\t\t\t\t\t\t\t<img decoding=\"async\" width=\"730\" height=\"548\" src=\"https:\/\/marcotelfser.com\/wp-content\/uploads\/2021\/05\/image00046-1024x768.jpeg\" alt=\"\" loading=\"lazy\" srcset=\"https:\/\/marcotelfser.com\/wp-content\/uploads\/2021\/05\/image00046-1024x768.jpeg 1024w, https:\/\/marcotelfser.com\/wp-content\/uploads\/2021\/05\/image00046-300x225.jpeg 300w, https:\/\/marcotelfser.com\/wp-content\/uploads\/2021\/05\/image00046-768x576.jpeg 768w, https:\/\/marcotelfser.com\/wp-content\/uploads\/2021\/05\/image00046-1536x1152.jpeg 1536w, https:\/\/marcotelfser.com\/wp-content\/uploads\/2021\/05\/image00046-2048x1536.jpeg 2048w, https:\/\/marcotelfser.com\/wp-content\/uploads\/2021\/05\/image00046-scaled-e1643570096502.jpeg 1200w\" sizes=\"auto, (max-width: 730px) 100vw, 730px\" \/>\t\t\t\t\t\t\t\t\t\t\t\t\t\t\t<\/p>\n<p style=\"color: #434343;\">Mein T\u00e4tigkeitsbereich bei Videoproduktionen umfasst alle Produktions-Vorg\u00e4nge.<\/p>\n<p style=\"color: #434343;\">Oft bin ich die leitende Kraft in der Produktion und f\u00fchre mein Team an. F\u00fcr diese Aufgabe braucht es ein breites Wissen aus allen Bereichen einer Filmproduktion.<\/p>\n<p>Ich plane und organisiere die Projekte vom Anfang bis zum Ende, erstelle Story und Konzepte. Bei den Dreharbeiten arbeite ich als Regisseur, DOP (Bildgestaltung &amp; Licht), Kamera &amp; Drohnen-Pilot..<\/p>\n<p>\t\t\t\t\t\t\t\t\t\t\t\t\t\t\t<img decoding=\"async\" width=\"730\" height=\"503\" src=\"https:\/\/marcotelfser.com\/wp-content\/uploads\/2021\/05\/Crew_Senales-1024x706.jpg\" alt=\"\" loading=\"lazy\" srcset=\"https:\/\/marcotelfser.com\/wp-content\/uploads\/2021\/05\/Crew_Senales-1024x706.jpg 1024w, https:\/\/marcotelfser.com\/wp-content\/uploads\/2021\/05\/Crew_Senales-300x207.jpg 300w, https:\/\/marcotelfser.com\/wp-content\/uploads\/2021\/05\/Crew_Senales-768x530.jpg 768w, https:\/\/marcotelfser.com\/wp-content\/uploads\/2021\/05\/Crew_Senales-1536x1059.jpg 1536w, https:\/\/marcotelfser.com\/wp-content\/uploads\/2021\/05\/Crew_Senales-2048x1413.jpg 2048w\" sizes=\"auto, (max-width: 730px) 100vw, 730px\" \/>\t\t\t\t\t\t\t\t\t\t\t\t\t\t\t<\/p>\n<p>Schnitt, Color-Grading &amp; Sounddesign sind weitere T\u00e4tigkeitsbereiche, nach den Dreharbeiten.<\/p>\n<p>Ich arbeite mit: DaVinci Resolve, Premiere Pro, After Effects, Photoshop &amp; InDesign.<\/p>\n<p>\t\t\t\t\t\t\t\t\t\t\t\t\t\t\t<img decoding=\"async\" width=\"730\" height=\"487\" src=\"https:\/\/marcotelfser.com\/wp-content\/uploads\/2021\/05\/Drehblock-3-Tag02-Himmelreich02-1-1024x683.jpg\" alt=\"\" loading=\"lazy\" srcset=\"https:\/\/marcotelfser.com\/wp-content\/uploads\/2021\/05\/Drehblock-3-Tag02-Himmelreich02-1-1024x683.jpg 1024w, https:\/\/marcotelfser.com\/wp-content\/uploads\/2021\/05\/Drehblock-3-Tag02-Himmelreich02-1-300x200.jpg 300w, https:\/\/marcotelfser.com\/wp-content\/uploads\/2021\/05\/Drehblock-3-Tag02-Himmelreich02-1-768x512.jpg 768w, https:\/\/marcotelfser.com\/wp-content\/uploads\/2021\/05\/Drehblock-3-Tag02-Himmelreich02-1-1536x1024.jpg 1536w, https:\/\/marcotelfser.com\/wp-content\/uploads\/2021\/05\/Drehblock-3-Tag02-Himmelreich02-1-2048x1365.jpg 2048w\" sizes=\"auto, (max-width: 730px) 100vw, 730px\" \/><br \/>\n\t\t\t\t\t\t\t\t\t\t\t\t\t\t\t<img decoding=\"async\" width=\"730\" height=\"548\" src=\"https:\/\/marcotelfser.com\/wp-content\/uploads\/2021\/05\/Camboy-1024x768.jpg\" alt=\"\" loading=\"lazy\" srcset=\"https:\/\/marcotelfser.com\/wp-content\/uploads\/2021\/05\/Camboy-1024x768.jpg 1024w, https:\/\/marcotelfser.com\/wp-content\/uploads\/2021\/05\/Camboy-300x225.jpg 300w, https:\/\/marcotelfser.com\/wp-content\/uploads\/2021\/05\/Camboy-768x576.jpg 768w, https:\/\/marcotelfser.com\/wp-content\/uploads\/2021\/05\/Camboy-1536x1152.jpg 1536w, https:\/\/marcotelfser.com\/wp-content\/uploads\/2021\/05\/Camboy-2048x1536.jpg 2048w\" sizes=\"auto, (max-width: 730px) 100vw, 730px\" \/><br \/>\n\t\t\t\t\t\t\t\t\t\t\t\t\t\t\t<img decoding=\"async\" width=\"730\" height=\"411\" src=\"https:\/\/marcotelfser.com\/wp-content\/uploads\/2021\/05\/filmmaking_2-1024x576.jpg\" alt=\"\" loading=\"lazy\" srcset=\"https:\/\/marcotelfser.com\/wp-content\/uploads\/2021\/05\/filmmaking_2-1024x576.jpg 1024w, https:\/\/marcotelfser.com\/wp-content\/uploads\/2021\/05\/filmmaking_2-300x169.jpg 300w, https:\/\/marcotelfser.com\/wp-content\/uploads\/2021\/05\/filmmaking_2-768x432.jpg 768w, https:\/\/marcotelfser.com\/wp-content\/uploads\/2021\/05\/filmmaking_2-1536x864.jpg 1536w, https:\/\/marcotelfser.com\/wp-content\/uploads\/2021\/05\/filmmaking_2-2048x1152.jpg 2048w\" sizes=\"auto, (max-width: 730px) 100vw, 730px\" \/><br \/>\n\t\t\t\t\t\t\t\t\t\t\t\t\t\t\t<img decoding=\"async\" width=\"730\" height=\"548\" src=\"https:\/\/marcotelfser.com\/wp-content\/uploads\/2021\/05\/20210423_080146-1024x768.jpg\" alt=\"\" loading=\"lazy\" srcset=\"https:\/\/marcotelfser.com\/wp-content\/uploads\/2021\/05\/20210423_080146-1024x768.jpg 1024w, https:\/\/marcotelfser.com\/wp-content\/uploads\/2021\/05\/20210423_080146-300x225.jpg 300w, https:\/\/marcotelfser.com\/wp-content\/uploads\/2021\/05\/20210423_080146-768x576.jpg 768w, https:\/\/marcotelfser.com\/wp-content\/uploads\/2021\/05\/20210423_080146-1536x1152.jpg 1536w, https:\/\/marcotelfser.com\/wp-content\/uploads\/2021\/05\/20210423_080146-2048x1536.jpg 2048w, https:\/\/marcotelfser.com\/wp-content\/uploads\/2021\/05\/20210423_080146-scaled-e1643569551994.jpg 800w\" sizes=\"auto, (max-width: 730px) 100vw, 730px\" \/><br \/>\n\t\t\t\t\t\t\t\t\t\t\t\t\t\t\t<img decoding=\"async\" width=\"730\" height=\"486\" src=\"https:\/\/marcotelfser.com\/wp-content\/uploads\/2021\/05\/Editing-1024x682.jpg\" alt=\"\" loading=\"lazy\" srcset=\"https:\/\/marcotelfser.com\/wp-content\/uploads\/2021\/05\/Editing-1024x682.jpg 1024w, https:\/\/marcotelfser.com\/wp-content\/uploads\/2021\/05\/Editing-300x200.jpg 300w, https:\/\/marcotelfser.com\/wp-content\/uploads\/2021\/05\/Editing-768x512.jpg 768w, https:\/\/marcotelfser.com\/wp-content\/uploads\/2021\/05\/Editing-1536x1024.jpg 1536w, https:\/\/marcotelfser.com\/wp-content\/uploads\/2021\/05\/Editing.jpg 1997w\" sizes=\"auto, (max-width: 730px) 100vw, 730px\" \/><br \/>\n\t\t\t\t\t\t\t\t\t\t\t\t\t\t\t<img decoding=\"async\" width=\"730\" height=\"548\" src=\"https:\/\/marcotelfser.com\/wp-content\/uploads\/2021\/05\/Crew_heli-1024x768.jpg\" alt=\"\" loading=\"lazy\" srcset=\"https:\/\/marcotelfser.com\/wp-content\/uploads\/2021\/05\/Crew_heli-1024x768.jpg 1024w, https:\/\/marcotelfser.com\/wp-content\/uploads\/2021\/05\/Crew_heli-300x225.jpg 300w, https:\/\/marcotelfser.com\/wp-content\/uploads\/2021\/05\/Crew_heli-768x576.jpg 768w, https:\/\/marcotelfser.com\/wp-content\/uploads\/2021\/05\/Crew_heli-1536x1152.jpg 1536w, https:\/\/marcotelfser.com\/wp-content\/uploads\/2021\/05\/Crew_heli.jpg 1839w\" sizes=\"auto, (max-width: 730px) 100vw, 730px\" \/><br \/>\n\t\t\t\t\t\t\t\t\t\t\t\t\t\t\t<img decoding=\"async\" width=\"2385\" height=\"1069\" src=\"https:\/\/marcotelfser.com\/wp-content\/uploads\/2021\/05\/Filmmaker_Zambia.jpg\" alt=\"\" loading=\"lazy\" srcset=\"https:\/\/marcotelfser.com\/wp-content\/uploads\/2021\/05\/Filmmaker_Zambia.jpg 2385w, https:\/\/marcotelfser.com\/wp-content\/uploads\/2021\/05\/Filmmaker_Zambia-300x134.jpg 300w, https:\/\/marcotelfser.com\/wp-content\/uploads\/2021\/05\/Filmmaker_Zambia-1024x459.jpg 1024w, https:\/\/marcotelfser.com\/wp-content\/uploads\/2021\/05\/Filmmaker_Zambia-768x344.jpg 768w, https:\/\/marcotelfser.com\/wp-content\/uploads\/2021\/05\/Filmmaker_Zambia-1536x688.jpg 1536w, https:\/\/marcotelfser.com\/wp-content\/uploads\/2021\/05\/Filmmaker_Zambia-2048x918.jpg 2048w\" sizes=\"auto, (max-width: 2385px) 100vw, 2385px\" \/>\t\t\t\t\t\t\t\t\t\t\t\t\t\t\t<\/p>\n<h2>Teamwork<\/h2>\n<p style=\"text-align: center;\">Videoproduktionen sind Teamarbeit, alles funktioniert besser gemeinsam.<\/p>\n<p style=\"text-align: center;\">Je nach Projekt stelle ich mein Team aus verschiedenen K\u00fcnstlern und Experten zusammen, um das beste Ergebnis zu erzielen.<\/p>\n<h5 style=\"text-align: center;\"><strong>Florian Steiner:<\/strong><\/h5>\n<p style=\"text-align: center;\">floriansteiner.at\/<\/p>\n<p style=\"text-align: center;\">Produktion, Organisation, Kamera, Schnitt<\/p>\n<p style=\"text-align: center;\">Spezialisert auf: Musikvideos<\/p>\n<h5 style=\"text-align: center;\"><strong>Peter Praxmarer:<\/strong><\/h5>\n<p style=\"text-align: center;\">https:\/\/www.peterpraxmarer.com\/<\/p>\n<p style=\"text-align: center;\">Produktion, Licht, Kamera, Schnitt, Gimbal operator<\/p>\n<p style=\"text-align: center;\">Spezialisert auf: Produktvideos<\/p>\n<h5 style=\"text-align: center;\"><strong>Robin Diana:<\/strong><\/h5>\n<p style=\"text-align: center;\">Musikproduktion, Tonaufnahme, Boom operator<\/p>\n<h2>Zertifizierter Drohnen Pilot<\/h2>\n<p>\t\t\t\t\t\t\t\t\t\t\t\t\t\t\t<img decoding=\"async\" width=\"300\" height=\"212\" src=\"https:\/\/marcotelfser.com\/wp-content\/uploads\/2021\/05\/di-300x212.jpg\" alt=\"\" loading=\"lazy\" srcset=\"https:\/\/marcotelfser.com\/wp-content\/uploads\/2021\/05\/di-300x212.jpg 300w, https:\/\/marcotelfser.com\/wp-content\/uploads\/2021\/05\/di-1024x722.jpg 1024w, https:\/\/marcotelfser.com\/wp-content\/uploads\/2021\/05\/di-768x542.jpg 768w, https:\/\/marcotelfser.com\/wp-content\/uploads\/2021\/05\/di-1536x1083.jpg 1536w, https:\/\/marcotelfser.com\/wp-content\/uploads\/2021\/05\/di-2048x1444.jpg 2048w\" sizes=\"auto, (max-width: 300px) 100vw, 300px\" \/><\/p>\n","protected":false},"excerpt":{"rendered":"<p>Die etwas andere Geschichte Ein&nbsp; sonderbarer Werdegang brachte mich zur Video- und Fotoproduktion.&nbsp; Eigentlich bin ich ein Klein-Landwirt, welcher nebenbei in der Gastro arbeitet und seit kurzem den Schritt in die Selbst\u00e4ndigkeit als Videoproduzent und Fotograf gewagt hat. Der f\u00fcr diesen Beruf typischen Gro\u00dfstadt, ziehe ich mein kleines Heimatdorf im Vinschgau vor.&nbsp; Diese regionale Verbundenheit&hellip; <\/p>\n","protected":false},"author":1,"featured_media":0,"parent":0,"menu_order":0,"comment_status":"closed","ping_status":"closed","template":"elementor_header_footer","meta":{"ngg_post_thumbnail":0,"_vp_format_video_url":"","_vp_image_focal_point":[],"footnotes":""},"class_list":["post-2062","page","type-page","status-publish","hentry"],"translation":{"provider":"WPGlobus","version":"3.0.2","language":"en","enabled_languages":["de","en"],"languages":{"de":{"title":true,"content":true,"excerpt":false},"en":{"title":false,"content":false,"excerpt":false}}},"_links":{"self":[{"href":"https:\/\/marcotelfser.com\/en\/wp-json\/wp\/v2\/pages\/2062","targetHints":{"allow":["GET"]}}],"collection":[{"href":"https:\/\/marcotelfser.com\/en\/wp-json\/wp\/v2\/pages"}],"about":[{"href":"https:\/\/marcotelfser.com\/en\/wp-json\/wp\/v2\/types\/page"}],"author":[{"embeddable":true,"href":"https:\/\/marcotelfser.com\/en\/wp-json\/wp\/v2\/users\/1"}],"replies":[{"embeddable":true,"href":"https:\/\/marcotelfser.com\/en\/wp-json\/wp\/v2\/comments?post=2062"}],"version-history":[{"count":7,"href":"https:\/\/marcotelfser.com\/en\/wp-json\/wp\/v2\/pages\/2062\/revisions"}],"predecessor-version":[{"id":2070,"href":"https:\/\/marcotelfser.com\/en\/wp-json\/wp\/v2\/pages\/2062\/revisions\/2070"}],"wp:attachment":[{"href":"https:\/\/marcotelfser.com\/en\/wp-json\/wp\/v2\/media?parent=2062"}],"curies":[{"name":"wp","href":"https:\/\/api.w.org\/{rel}","templated":true}]}}